{"id":27,"date":"2025-01-07T11:41:16","date_gmt":"2025-01-07T11:41:16","guid":{"rendered":"https:\/\/trabajos-sigamoglobal.com\/?page_id=27"},"modified":"2025-01-07T12:07:20","modified_gmt":"2025-01-07T12:07:20","slug":"contacto","status":"publish","type":"page","link":"https:\/\/trabajos-sigamoglobal.com\/?page_id=27","title":{"rendered":"Contacto"},"content":{"rendered":"\n<p>SIGAMO GLOBAL S.L.<\/p>\n\n\n\n<p>Pol. Ind. Masia del Juez, C\/ Pared de Canta,7<\/p>\n\n\n\n<p>46900 Torrent (Valencia)<\/p>\n\n\n\n<p>Correo electr\u00f3nico:&nbsp;<a href=\"mailto:sigamoglobal@gmail.com\" target=\"_blank\" rel=\"noreferrer noopener\">administracion@sigamoglobalsl.com<\/a><\/p>\n\n\n\n<p>Tambi\u00e9n puede llamarnos al tel\u00e9fono: 670279374 o bien utilizar nuestro formulario de contacto.<\/p>\n","protected":false},"excerpt":{"rendered":"<p>SIGAMO GLOBAL S.L. Pol. Ind. Masia del Juez, C\/ Pared de Canta,7 46900 Torrent (Valencia) Correo electr\u00f3nico:&nbsp;administracion@sigamoglobalsl.com Tambi\u00e9n puede llamarnos al tel\u00e9fono: 670279374 o bien utilizar nuestro formulario de contacto.<\/p>\n","protected":false},"author":1,"featured_media":0,"parent":0,"menu_order":0,"comment_status":"closed","ping_status":"closed","template":"","meta":{"footnotes":""},"class_list":["post-27","page","type-page","status-publish","hentry"],"yoast_head":"<!-- This site is optimized with the Yoast SEO plugin v24.2 - https:\/\/yoast.com\/wordpress\/plugins\/seo\/ -->\n<title>Contacto -<\/title>\n<meta name=\"robots\" content=\"index, follow, max-snippet:-1, max-image-preview:large, max-video-preview:-1\" \/>\n<link rel=\"canonical\" href=\"https:\/\/trabajos-sigamoglobal.com\/?page_id=27\" \/>\n<meta property=\"og:locale\" content=\"es_ES\" \/>\n<meta property=\"og:type\" content=\"article\" \/>\n<meta property=\"og:title\" content=\"Contacto -\" \/>\n<meta property=\"og:description\" content=\"SIGAMO GLOBAL S.L. Pol. Ind. Masia del Juez, C\/ Pared de Canta,7 46900 Torrent (Valencia) Correo electr\u00f3nico:&nbsp;administracion@sigamoglobalsl.com Tambi\u00e9n puede llamarnos al tel\u00e9fono: 670279374 o bien utilizar nuestro formulario de contacto.\" \/>\n<meta property=\"og:url\" content=\"https:\/\/trabajos-sigamoglobal.com\/?page_id=27\" \/>\n<meta property=\"article:modified_time\" content=\"2025-01-07T12:07:20+00:00\" \/>\n<meta name=\"twitter:card\" content=\"summary_large_image\" \/>\n<script type=\"application\/ld+json\" class=\"yoast-schema-graph\">{\"@context\":\"https:\/\/schema.org\",\"@graph\":[{\"@type\":\"WebPage\",\"@id\":\"https:\/\/trabajos-sigamoglobal.com\/?page_id=27\",\"url\":\"https:\/\/trabajos-sigamoglobal.com\/?page_id=27\",\"name\":\"Contacto -\",\"isPartOf\":{\"@id\":\"https:\/\/trabajos-sigamoglobal.com\/#website\"},\"datePublished\":\"2025-01-07T11:41:16+00:00\",\"dateModified\":\"2025-01-07T12:07:20+00:00\",\"breadcrumb\":{\"@id\":\"https:\/\/trabajos-sigamoglobal.com\/?page_id=27#breadcrumb\"},\"inLanguage\":\"es\",\"potentialAction\":[{\"@type\":\"ReadAction\",\"target\":[\"https:\/\/trabajos-sigamoglobal.com\/?page_id=27\"]}]},{\"@type\":\"BreadcrumbList\",\"@id\":\"https:\/\/trabajos-sigamoglobal.com\/?page_id=27#breadcrumb\",\"itemListElement\":[{\"@type\":\"ListItem\",\"position\":1,\"name\":\"Portada\",\"item\":\"https:\/\/trabajos-sigamoglobal.com\/\"},{\"@type\":\"ListItem\",\"position\":2,\"name\":\"Contacto\"}]},{\"@type\":\"WebSite\",\"@id\":\"https:\/\/trabajos-sigamoglobal.com\/#website\",\"url\":\"https:\/\/trabajos-sigamoglobal.com\/\",\"name\":\"Trabajos Sigamo Global\",\"description\":\"\",\"publisher\":{\"@id\":\"https:\/\/trabajos-sigamoglobal.com\/#organization\"},\"potentialAction\":[{\"@type\":\"SearchAction\",\"target\":{\"@type\":\"EntryPoint\",\"urlTemplate\":\"https:\/\/trabajos-sigamoglobal.com\/?s={search_term_string}\"},\"query-input\":{\"@type\":\"PropertyValueSpecification\",\"valueRequired\":true,\"valueName\":\"search_term_string\"}}],\"inLanguage\":\"es\"},{\"@type\":\"Organization\",\"@id\":\"https:\/\/trabajos-sigamoglobal.com\/#organization\",\"name\":\"Sigamo Global\",\"url\":\"https:\/\/trabajos-sigamoglobal.com\/\",\"logo\":{\"@type\":\"ImageObject\",\"inLanguage\":\"es\",\"@id\":\"https:\/\/trabajos-sigamoglobal.com\/#\/schema\/logo\/image\/\",\"url\":\"https:\/\/trabajos-sigamoglobal.com\/wp-content\/uploads\/2025\/01\/cropped-logo-sigamo-global-200.png\",\"contentUrl\":\"https:\/\/trabajos-sigamoglobal.com\/wp-content\/uploads\/2025\/01\/cropped-logo-sigamo-global-200.png\",\"width\":200,\"height\":57,\"caption\":\"Sigamo Global\"},\"image\":{\"@id\":\"https:\/\/trabajos-sigamoglobal.com\/#\/schema\/logo\/image\/\"}}]}<\/script>\n<!-- \/ Yoast SEO plugin. -->","yoast_head_json":{"title":"Contacto -","robots":{"index":"index","follow":"follow","max-snippet":"max-snippet:-1","max-image-preview":"max-image-preview:large","max-video-preview":"max-video-preview:-1"},"canonical":"https:\/\/trabajos-sigamoglobal.com\/?page_id=27","og_locale":"es_ES","og_type":"article","og_title":"Contacto -","og_description":"SIGAMO GLOBAL S.L. Pol. Ind. Masia del Juez, C\/ Pared de Canta,7 46900 Torrent (Valencia) Correo electr\u00f3nico:&nbsp;administracion@sigamoglobalsl.com Tambi\u00e9n puede llamarnos al tel\u00e9fono: 670279374 o bien utilizar nuestro formulario de contacto.","og_url":"https:\/\/trabajos-sigamoglobal.com\/?page_id=27","article_modified_time":"2025-01-07T12:07:20+00:00","twitter_card":"summary_large_image","schema":{"@context":"https:\/\/schema.org","@graph":[{"@type":"WebPage","@id":"https:\/\/trabajos-sigamoglobal.com\/?page_id=27","url":"https:\/\/trabajos-sigamoglobal.com\/?page_id=27","name":"Contacto -","isPartOf":{"@id":"https:\/\/trabajos-sigamoglobal.com\/#website"},"datePublished":"2025-01-07T11:41:16+00:00","dateModified":"2025-01-07T12:07:20+00:00","breadcrumb":{"@id":"https:\/\/trabajos-sigamoglobal.com\/?page_id=27#breadcrumb"},"inLanguage":"es","potentialAction":[{"@type":"ReadAction","target":["https:\/\/trabajos-sigamoglobal.com\/?page_id=27"]}]},{"@type":"BreadcrumbList","@id":"https:\/\/trabajos-sigamoglobal.com\/?page_id=27#breadcrumb","itemListElement":[{"@type":"ListItem","position":1,"name":"Portada","item":"https:\/\/trabajos-sigamoglobal.com\/"},{"@type":"ListItem","position":2,"name":"Contacto"}]},{"@type":"WebSite","@id":"https:\/\/trabajos-sigamoglobal.com\/#website","url":"https:\/\/trabajos-sigamoglobal.com\/","name":"Trabajos Sigamo Global","description":"","publisher":{"@id":"https:\/\/trabajos-sigamoglobal.com\/#organization"},"potentialAction":[{"@type":"SearchAction","target":{"@type":"EntryPoint","urlTemplate":"https:\/\/trabajos-sigamoglobal.com\/?s={search_term_string}"},"query-input":{"@type":"PropertyValueSpecification","valueRequired":true,"valueName":"search_term_string"}}],"inLanguage":"es"},{"@type":"Organization","@id":"https:\/\/trabajos-sigamoglobal.com\/#organization","name":"Sigamo Global","url":"https:\/\/trabajos-sigamoglobal.com\/","logo":{"@type":"ImageObject","inLanguage":"es","@id":"https:\/\/trabajos-sigamoglobal.com\/#\/schema\/logo\/image\/","url":"https:\/\/trabajos-sigamoglobal.com\/wp-content\/uploads\/2025\/01\/cropped-logo-sigamo-global-200.png","contentUrl":"https:\/\/trabajos-sigamoglobal.com\/wp-content\/uploads\/2025\/01\/cropped-logo-sigamo-global-200.png","width":200,"height":57,"caption":"Sigamo Global"},"image":{"@id":"https:\/\/trabajos-sigamoglobal.com\/#\/schema\/logo\/image\/"}}]}},"_links":{"self":[{"href":"https:\/\/trabajos-sigamoglobal.com\/index.php?rest_route=\/wp\/v2\/pages\/27","targetHints":{"allow":["GET"]}}],"collection":[{"href":"https:\/\/trabajos-sigamoglobal.com\/index.php?rest_route=\/wp\/v2\/pages"}],"about":[{"href":"https:\/\/trabajos-sigamoglobal.com\/index.php?rest_route=\/wp\/v2\/types\/page"}],"author":[{"embeddable":true,"href":"https:\/\/trabajos-sigamoglobal.com\/index.php?rest_route=\/wp\/v2\/users\/1"}],"replies":[{"embeddable":true,"href":"https:\/\/trabajos-sigamoglobal.com\/index.php?rest_route=%2Fwp%2Fv2%2Fcomments&post=27"}],"version-history":[{"count":2,"href":"https:\/\/trabajos-sigamoglobal.com\/index.php?rest_route=\/wp\/v2\/pages\/27\/revisions"}],"predecessor-version":[{"id":66,"href":"https:\/\/trabajos-sigamoglobal.com\/index.php?rest_route=\/wp\/v2\/pages\/27\/revisions\/66"}],"wp:attachment":[{"href":"https:\/\/trabajos-sigamoglobal.com\/index.php?rest_route=%2Fwp%2Fv2%2Fmedia&parent=27"}],"curies":[{"name":"wp","href":"https:\/\/api.w.org\/{rel}","templated":true}]}}