{"id":36,"date":"2025-01-07T11:46:20","date_gmt":"2025-01-07T11:46:20","guid":{"rendered":"https:\/\/trabajos-sigamoglobal.com\/?page_id=36"},"modified":"2025-01-07T11:47:16","modified_gmt":"2025-01-07T11:47:16","slug":"nosotros","status":"publish","type":"page","link":"https:\/\/trabajos-sigamoglobal.com\/?page_id=36","title":{"rendered":"Nosotros"},"content":{"rendered":"\n<p><strong>Sigamo Global SL<\/strong>, es una empresa joven y din\u00e1mica que cuenta con un equipo multidisciplinar para llevar a cabo&nbsp;&nbsp;<strong>Reformas Integrales&nbsp;<\/strong>en todo tipo de espacios di\u00e1fanos como locales comerciales, viviendas y franquicias.<\/p>\n\n\n\n<p>Somos&nbsp;<strong>decoradores e interioristas<\/strong>&nbsp;y nuestros proyectos son realizados acuerdo al presupuesto, necesidad y gusto de nuestro cliente.<\/p>\n\n\n\n<p>Tenemos experiencia en suministro y montaje de maquinaria de hosteler\u00eda, dise\u00f1o de cocinas industriales, fr\u00edo y lavado.&nbsp;<\/p>\n\n\n\n<p>Nuestros profesionales pueden llevar a cabo el proyecto pudiendo asesorar al cliente en cuanto a los aspectos t\u00e9cnicos, distribuci\u00f3n del espacio y las tendencias en decoraci\u00f3n actuales, as\u00ed como los materiales y productos a emplear.<\/p>\n\n\n\n<p>Tambi\u00e9n contamos con un equipo de industriales y colaboradores que cubren todas las facetas de la obra con todal entrega para la culminaci\u00f3n de la obra en tiempo y forma.<\/p>\n\n\n\n<p>Nuestro equipo trabajar\u00e1 para darle las mejores soluciones y ayudar a que su proyecto se haga realidad.<\/p>\n\n\n\n<p>Nuestro&nbsp;<strong>\u00e1mbito de actuaci\u00f3n es a nivel nacional e internacional<\/strong>. Disponemos de equipos locales en Comunidad Valenciana, Andaluc\u00eda, Islas Canarias, Madrid, Catalu\u00f1a y Galicia.<\/p>\n\n\n\n<p>Em plena expansi\u00f3n, y especializados en obras para franquicias, hemos dado forma a tiendas para la marca Panaria, los Caf\u00e9 &amp; T\u00e9 y Caf\u00e9 &amp; Tapas&nbsp; por todo el territorio nacional.<\/p>\n\n\n\n<p>H\u00e1ganos llegar sus dudas e inquietudes, estamos aqu\u00ed para ayudarle.<\/p>\n\n\n\n<p>Sigamo global, dise\u00f1o e interiorismo les ofrece la posibilidad de realizar su proyecto de principio a fin&nbsp;&nbsp;<strong>\u00abllaves en mano\u00bb<\/strong>. Nos encargamos de todo para que Ud disfrute del resultado.<\/p>\n\n\n\n<p>Para nosotros, ser\u00e1 tambi\u00e9n un placer conocerle y saber sus ideas y necesidades. Visite nuestra galer\u00eda de proyectos podr\u00e1 ver algunos de los trabajos que hemos realizado asi como en otros en los que estamos inmersos.<\/p>\n","protected":false},"excerpt":{"rendered":"<p>Sigamo Global SL, es una empresa joven y din\u00e1mica que cuenta con un equipo multidisciplinar para llevar a cabo&nbsp;&nbsp;Reformas Integrales&nbsp;en todo tipo de espacios di\u00e1fanos como locales comerciales, viviendas y franquicias. Somos&nbsp;decoradores e interioristas&nbsp;y nuestros proyectos son realizados acuerdo al presupuesto, necesidad y gusto de nuestro cliente. Tenemos experiencia en suministro y montaje de maquinaria &hellip; <\/p>\n","protected":false},"author":1,"featured_media":0,"parent":0,"menu_order":0,"comment_status":"closed","ping_status":"closed","template":"","meta":{"footnotes":""},"class_list":["post-36","page","type-page","status-publish","hentry"],"yoast_head":"<!-- This site is optimized with the Yoast SEO plugin v24.2 - https:\/\/yoast.com\/wordpress\/plugins\/seo\/ -->\n<title>Nosotros -<\/title>\n<meta name=\"robots\" content=\"index, follow, max-snippet:-1, max-image-preview:large, max-video-preview:-1\" \/>\n<link rel=\"canonical\" href=\"https:\/\/trabajos-sigamoglobal.com\/?page_id=36\" \/>\n<meta property=\"og:locale\" content=\"es_ES\" \/>\n<meta property=\"og:type\" content=\"article\" \/>\n<meta property=\"og:title\" content=\"Nosotros -\" \/>\n<meta property=\"og:description\" content=\"Sigamo Global SL, es una empresa joven y din\u00e1mica que cuenta con un equipo multidisciplinar para llevar a cabo&nbsp;&nbsp;Reformas Integrales&nbsp;en todo tipo de espacios di\u00e1fanos como locales comerciales, viviendas y franquicias. Somos&nbsp;decoradores e interioristas&nbsp;y nuestros proyectos son realizados acuerdo al presupuesto, necesidad y gusto de nuestro cliente. Tenemos experiencia en suministro y montaje de maquinaria &hellip;\" \/>\n<meta property=\"og:url\" content=\"https:\/\/trabajos-sigamoglobal.com\/?page_id=36\" \/>\n<meta property=\"article:modified_time\" content=\"2025-01-07T11:47:16+00:00\" \/>\n<meta name=\"twitter:card\" content=\"summary_large_image\" \/>\n<meta name=\"twitter:label1\" content=\"Tiempo de lectura\" \/>\n\t<meta name=\"twitter:data1\" content=\"2 minutos\" \/>\n<script type=\"application\/ld+json\" class=\"yoast-schema-graph\">{\"@context\":\"https:\/\/schema.org\",\"@graph\":[{\"@type\":\"WebPage\",\"@id\":\"https:\/\/trabajos-sigamoglobal.com\/?page_id=36\",\"url\":\"https:\/\/trabajos-sigamoglobal.com\/?page_id=36\",\"name\":\"Nosotros -\",\"isPartOf\":{\"@id\":\"https:\/\/trabajos-sigamoglobal.com\/#website\"},\"datePublished\":\"2025-01-07T11:46:20+00:00\",\"dateModified\":\"2025-01-07T11:47:16+00:00\",\"breadcrumb\":{\"@id\":\"https:\/\/trabajos-sigamoglobal.com\/?page_id=36#breadcrumb\"},\"inLanguage\":\"es\",\"potentialAction\":[{\"@type\":\"ReadAction\",\"target\":[\"https:\/\/trabajos-sigamoglobal.com\/?page_id=36\"]}]},{\"@type\":\"BreadcrumbList\",\"@id\":\"https:\/\/trabajos-sigamoglobal.com\/?page_id=36#breadcrumb\",\"itemListElement\":[{\"@type\":\"ListItem\",\"position\":1,\"name\":\"Portada\",\"item\":\"https:\/\/trabajos-sigamoglobal.com\/\"},{\"@type\":\"ListItem\",\"position\":2,\"name\":\"Nosotros\"}]},{\"@type\":\"WebSite\",\"@id\":\"https:\/\/trabajos-sigamoglobal.com\/#website\",\"url\":\"https:\/\/trabajos-sigamoglobal.com\/\",\"name\":\"Trabajos Sigamo Global\",\"description\":\"\",\"publisher\":{\"@id\":\"https:\/\/trabajos-sigamoglobal.com\/#organization\"},\"potentialAction\":[{\"@type\":\"SearchAction\",\"target\":{\"@type\":\"EntryPoint\",\"urlTemplate\":\"https:\/\/trabajos-sigamoglobal.com\/?s={search_term_string}\"},\"query-input\":{\"@type\":\"PropertyValueSpecification\",\"valueRequired\":true,\"valueName\":\"search_term_string\"}}],\"inLanguage\":\"es\"},{\"@type\":\"Organization\",\"@id\":\"https:\/\/trabajos-sigamoglobal.com\/#organization\",\"name\":\"Sigamo Global\",\"url\":\"https:\/\/trabajos-sigamoglobal.com\/\",\"logo\":{\"@type\":\"ImageObject\",\"inLanguage\":\"es\",\"@id\":\"https:\/\/trabajos-sigamoglobal.com\/#\/schema\/logo\/image\/\",\"url\":\"https:\/\/trabajos-sigamoglobal.com\/wp-content\/uploads\/2025\/01\/cropped-logo-sigamo-global-200.png\",\"contentUrl\":\"https:\/\/trabajos-sigamoglobal.com\/wp-content\/uploads\/2025\/01\/cropped-logo-sigamo-global-200.png\",\"width\":200,\"height\":57,\"caption\":\"Sigamo Global\"},\"image\":{\"@id\":\"https:\/\/trabajos-sigamoglobal.com\/#\/schema\/logo\/image\/\"}}]}<\/script>\n<!-- \/ Yoast SEO plugin. -->","yoast_head_json":{"title":"Nosotros -","robots":{"index":"index","follow":"follow","max-snippet":"max-snippet:-1","max-image-preview":"max-image-preview:large","max-video-preview":"max-video-preview:-1"},"canonical":"https:\/\/trabajos-sigamoglobal.com\/?page_id=36","og_locale":"es_ES","og_type":"article","og_title":"Nosotros -","og_description":"Sigamo Global SL, es una empresa joven y din\u00e1mica que cuenta con un equipo multidisciplinar para llevar a cabo&nbsp;&nbsp;Reformas Integrales&nbsp;en todo tipo de espacios di\u00e1fanos como locales comerciales, viviendas y franquicias. Somos&nbsp;decoradores e interioristas&nbsp;y nuestros proyectos son realizados acuerdo al presupuesto, necesidad y gusto de nuestro cliente. Tenemos experiencia en suministro y montaje de maquinaria &hellip;","og_url":"https:\/\/trabajos-sigamoglobal.com\/?page_id=36","article_modified_time":"2025-01-07T11:47:16+00:00","twitter_card":"summary_large_image","twitter_misc":{"Tiempo de lectura":"2 minutos"},"schema":{"@context":"https:\/\/schema.org","@graph":[{"@type":"WebPage","@id":"https:\/\/trabajos-sigamoglobal.com\/?page_id=36","url":"https:\/\/trabajos-sigamoglobal.com\/?page_id=36","name":"Nosotros -","isPartOf":{"@id":"https:\/\/trabajos-sigamoglobal.com\/#website"},"datePublished":"2025-01-07T11:46:20+00:00","dateModified":"2025-01-07T11:47:16+00:00","breadcrumb":{"@id":"https:\/\/trabajos-sigamoglobal.com\/?page_id=36#breadcrumb"},"inLanguage":"es","potentialAction":[{"@type":"ReadAction","target":["https:\/\/trabajos-sigamoglobal.com\/?page_id=36"]}]},{"@type":"BreadcrumbList","@id":"https:\/\/trabajos-sigamoglobal.com\/?page_id=36#breadcrumb","itemListElement":[{"@type":"ListItem","position":1,"name":"Portada","item":"https:\/\/trabajos-sigamoglobal.com\/"},{"@type":"ListItem","position":2,"name":"Nosotros"}]},{"@type":"WebSite","@id":"https:\/\/trabajos-sigamoglobal.com\/#website","url":"https:\/\/trabajos-sigamoglobal.com\/","name":"Trabajos Sigamo Global","description":"","publisher":{"@id":"https:\/\/trabajos-sigamoglobal.com\/#organization"},"potentialAction":[{"@type":"SearchAction","target":{"@type":"EntryPoint","urlTemplate":"https:\/\/trabajos-sigamoglobal.com\/?s={search_term_string}"},"query-input":{"@type":"PropertyValueSpecification","valueRequired":true,"valueName":"search_term_string"}}],"inLanguage":"es"},{"@type":"Organization","@id":"https:\/\/trabajos-sigamoglobal.com\/#organization","name":"Sigamo Global","url":"https:\/\/trabajos-sigamoglobal.com\/","logo":{"@type":"ImageObject","inLanguage":"es","@id":"https:\/\/trabajos-sigamoglobal.com\/#\/schema\/logo\/image\/","url":"https:\/\/trabajos-sigamoglobal.com\/wp-content\/uploads\/2025\/01\/cropped-logo-sigamo-global-200.png","contentUrl":"https:\/\/trabajos-sigamoglobal.com\/wp-content\/uploads\/2025\/01\/cropped-logo-sigamo-global-200.png","width":200,"height":57,"caption":"Sigamo Global"},"image":{"@id":"https:\/\/trabajos-sigamoglobal.com\/#\/schema\/logo\/image\/"}}]}},"_links":{"self":[{"href":"https:\/\/trabajos-sigamoglobal.com\/index.php?rest_route=\/wp\/v2\/pages\/36","targetHints":{"allow":["GET"]}}],"collection":[{"href":"https:\/\/trabajos-sigamoglobal.com\/index.php?rest_route=\/wp\/v2\/pages"}],"about":[{"href":"https:\/\/trabajos-sigamoglobal.com\/index.php?rest_route=\/wp\/v2\/types\/page"}],"author":[{"embeddable":true,"href":"https:\/\/trabajos-sigamoglobal.com\/index.php?rest_route=\/wp\/v2\/users\/1"}],"replies":[{"embeddable":true,"href":"https:\/\/trabajos-sigamoglobal.com\/index.php?rest_route=%2Fwp%2Fv2%2Fcomments&post=36"}],"version-history":[{"count":2,"href":"https:\/\/trabajos-sigamoglobal.com\/index.php?rest_route=\/wp\/v2\/pages\/36\/revisions"}],"predecessor-version":[{"id":39,"href":"https:\/\/trabajos-sigamoglobal.com\/index.php?rest_route=\/wp\/v2\/pages\/36\/revisions\/39"}],"wp:attachment":[{"href":"https:\/\/trabajos-sigamoglobal.com\/index.php?rest_route=%2Fwp%2Fv2%2Fmedia&parent=36"}],"curies":[{"name":"wp","href":"https:\/\/api.w.org\/{rel}","templated":true}]}}